{"id":601,"date":"2020-12-01T09:49:55","date_gmt":"2020-12-01T09:49:55","guid":{"rendered":"https:\/\/www.abystyle-studio.com\/mentions-legales\/"},"modified":"2024-09-30T09:52:38","modified_gmt":"2024-09-30T07:52:38","slug":"mentions-legales","status":"publish","type":"page","link":"https:\/\/www.abystyle-studio.com\/fr\/mentions-legales\/","title":{"rendered":"Mentions l\u00e9gales"},"content":{"rendered":"\t\t<div data-elementor-type=\"wp-page\" data-elementor-id=\"601\" class=\"elementor elementor-601 elementor-598\">\n\t\t\t\t\t\t<div class=\"elementor-inner\">\n\t\t\t\t<div class=\"elementor-section-wrap\">\n\t\t\t\t\t\t\t\t\t<section class=\"elementor-section elementor-top-section elementor-element elementor-element-d83e783 elementor-section-boxed elementor-section-height-default elementor-section-height-default\" data-id=\"d83e783\" data-element_type=\"section\">\n\t\t\t\t\t\t<div class=\"elementor-container elementor-column-gap-default\">\n\t\t\t\t\t\t\t<div class=\"elementor-row\">\n\t\t\t\t\t<div class=\"elementor-column elementor-col-100 elementor-top-column elementor-element elementor-element-5376611\" data-id=\"5376611\" data-element_type=\"column\">\n\t\t\t<div class=\"elementor-column-wrap elementor-element-populated\">\n\t\t\t\t\t\t\t<div class=\"elementor-widget-wrap\">\n\t\t\t\t\t\t<section class=\"elementor-section elementor-inner-section elementor-element elementor-element-91ccc2e elementor-section-boxed elementor-section-height-default elementor-section-height-default\" data-id=\"91ccc2e\" data-element_type=\"section\">\n\t\t\t\t\t\t<div class=\"elementor-container elementor-column-gap-default\">\n\t\t\t\t\t\t\t<div class=\"elementor-row\">\n\t\t\t\t\t<div class=\"elementor-column elementor-col-50 elementor-inner-column elementor-element elementor-element-c6483d2\" data-id=\"c6483d2\" data-element_type=\"column\">\n\t\t\t<div class=\"elementor-column-wrap elementor-element-populated\">\n\t\t\t\t\t\t\t<div class=\"elementor-widget-wrap\">\n\t\t\t\t\t\t<div class=\"elementor-element elementor-element-e25cb2c elementor-widget elementor-widget-text-editor\" data-id=\"e25cb2c\" data-element_type=\"widget\" data-widget_type=\"text-editor.default\">\n\t\t\t\t<div class=\"elementor-widget-container\">\n\t\t\t\t\t\t\t\t<div class=\"elementor-text-editor elementor-clearfix\">\n\t\t\t\t<h2>Propri\u00e9taire du site Internet<\/h2><h3>ABYSSE CORP S.A.S<\/h3><p>133 avenue de Caen<br \/>76530 GRAND-COURONNE<br \/>&#8211; FRANCE &#8211;<\/p><p><a href=\"http:\/\/www.abyssecorp.com\" target=\"_blank\" rel=\"noopener\">www.abyssecorp.com<\/a><\/p><p>S.A.S. au capital de 1.393.663 \u20ac<br \/>N\u00b0 intracommunautaire : FR38424568459<br \/>RCS ROUEN 424 568 459<\/p><p>Directeur de publication : Xavier SARTORIS<br \/>T\u00e9l : +33 (0)2 35 98 18 63<\/p>\t\t\t\t\t<\/div>\n\t\t\t\t\t\t<\/div>\n\t\t\t\t<\/div>\n\t\t\t\t\t\t<\/div>\n\t\t\t\t\t<\/div>\n\t\t<\/div>\n\t\t\t\t<div class=\"elementor-column elementor-col-50 elementor-inner-column elementor-element elementor-element-c51cc0d\" data-id=\"c51cc0d\" data-element_type=\"column\">\n\t\t\t<div class=\"elementor-column-wrap elementor-element-populated\">\n\t\t\t\t\t\t\t<div class=\"elementor-widget-wrap\">\n\t\t\t\t\t\t<div class=\"elementor-element elementor-element-715d1e1 elementor-widget elementor-widget-text-editor\" data-id=\"715d1e1\" data-element_type=\"widget\" data-widget_type=\"text-editor.default\">\n\t\t\t\t<div class=\"elementor-widget-container\">\n\t\t\t\t\t\t\t\t<div class=\"elementor-text-editor elementor-clearfix\">\n\t\t\t\t<h2>R\u00e9alisation du site Internet<\/h2>\n<p><strong>SARL Dream me up<\/strong><br\/>\nLe Jaipur \u2013 B\u00e2timent A<br\/>\n10 rue Fran\u00e7ois Tanguy Prigent<br\/>\n56890 SAINT-AV\u00c9<\/p>\n\n<p><a href=\"https:\/\/www.dream-me-up.fr\/creation-sites-web\"><strong>Cr\u00e9ateur de sites web Bretagne<\/strong><\/a><\/p>\n\n<p>501 021 588 R.C.S. VANNES<br\/>\nhttps:\/\/www.dream-me-up.fr<br\/>\nAdresse de contact : contact[at]dream-me-up.fr<br\/>\nT\u00e9l : 02.97.63.83.06<\/p>\t\t\t\t\t<\/div>\n\t\t\t\t\t\t<\/div>\n\t\t\t\t<\/div>\n\t\t\t\t\t\t<\/div>\n\t\t\t\t\t<\/div>\n\t\t<\/div>\n\t\t\t\t\t\t\t\t<\/div>\n\t\t\t\t\t<\/div>\n\t\t<\/section>\n\t\t\t\t\t\t<\/div>\n\t\t\t\t\t<\/div>\n\t\t<\/div>\n\t\t\t\t\t\t\t\t<\/div>\n\t\t\t\t\t<\/div>\n\t\t<\/section>\n\t\t\t\t<section class=\"elementor-section elementor-top-section elementor-element elementor-element-2b8d0d4 elementor-section-boxed elementor-section-height-default elementor-section-height-default\" data-id=\"2b8d0d4\" data-element_type=\"section\">\n\t\t\t\t\t\t<div class=\"elementor-container elementor-column-gap-default\">\n\t\t\t\t\t\t\t<div class=\"elementor-row\">\n\t\t\t\t\t<div class=\"elementor-column elementor-col-100 elementor-top-column elementor-element elementor-element-0c69bc9\" data-id=\"0c69bc9\" data-element_type=\"column\">\n\t\t\t<div class=\"elementor-column-wrap elementor-element-populated\">\n\t\t\t\t\t\t\t<div class=\"elementor-widget-wrap\">\n\t\t\t\t\t\t<div class=\"elementor-element elementor-element-03a515f elementor-widget elementor-widget-text-editor\" data-id=\"03a515f\" data-element_type=\"widget\" data-widget_type=\"text-editor.default\">\n\t\t\t\t<div class=\"elementor-widget-container\">\n\t\t\t\t\t\t\t\t<div class=\"elementor-text-editor elementor-clearfix\">\n\t\t\t\t<h2>H\u00e9bergement du site Internet<\/h2><p>L&rsquo;h\u00e9bergement est effectu\u00e9 sur un serveur d\u00e9di\u00e9 chez <strong>OVH <\/strong>2 rue Kellermann 59100 Roubaix. <br \/>La maintenance est effectu\u00e9e par la soci\u00e9t\u00e9\u00a0<strong>Dream me up.<\/strong><\/p><h2>Propri\u00e9t\u00e9 intellectuelle<\/h2><p>La structure g\u00e9n\u00e9rale ainsi que les logiciels, textes, images anim\u00e9es ou non, son savoir-faire et tous les autres \u00e9l\u00e9ments composant le site sont la propri\u00e9t\u00e9 exclusive <strong>de ABYstyle Studio<\/strong>.<\/p><p>Toute repr\u00e9sentation totale ou partielle de ce site par quelle personne que ce soit, sans l&rsquo;autorisation expresse <strong>de ABYstyle Studio<\/strong> est interdite et constituerait une contrefa\u00e7on sanctionn\u00e9e par les articles L. 335-2 et suivants du Code de la propri\u00e9t\u00e9 intellectuelle.<\/p><p>Les marques <strong>de ABYstyle Studio<\/strong> et de ses partenaires, ainsi que les logos figurant sur le site sont des marques d\u00e9pos\u00e9es.<\/p><p>Toute reproduction totale ou partielle de ces marques ou de ces logos effectu\u00e9s \u00e0 partir des \u00e9l\u00e9ments du site sans l&rsquo;autorisation expresse <strong>de ABYstyle Studio<\/strong> est donc prohib\u00e9e au sens du Code de la propri\u00e9t\u00e9 intellectuelle.<\/p><p style=\"text-align: center;\"><a href=\"\/fr\/politique-de-confidentialite\/\">Lire la politique de confidentialit\u00e9<\/a><\/p>\t\t\t\t\t<\/div>\n\t\t\t\t\t\t<\/div>\n\t\t\t\t<\/div>\n\t\t\t\t\t\t<\/div>\n\t\t\t\t\t<\/div>\n\t\t<\/div>\n\t\t\t\t\t\t\t\t<\/div>\n\t\t\t\t\t<\/div>\n\t\t<\/section>\n\t\t\t\t\t\t\t\t\t<\/div>\n\t\t\t<\/div>\n\t\t\t\t\t<\/div>\n\t\t","protected":false},"excerpt":{"rendered":"<p>Propri\u00e9taire du site Internet ABYSSE CORP S.A.S 133 avenue de&hellip;<\/p>\n","protected":false},"author":1,"featured_media":0,"parent":0,"menu_order":0,"comment_status":"closed","ping_status":"closed","template":"","meta":[],"yoast_head":"<!-- This site is optimized with the Yoast SEO plugin v19.7.1 - https:\/\/yoast.com\/wordpress\/plugins\/seo\/ -->\n<title>Mentions l\u00e9gales - ABYstyle Studio<\/title>\n<meta name=\"robots\" content=\"index, follow, max-snippet:-1, max-image-preview:large, max-video-preview:-1\" \/>\n<link rel=\"canonical\" href=\"https:\/\/www.abystyle-studio.com\/fr\/mentions-legales\/\" \/>\n<meta property=\"og:locale\" content=\"fr_FR\" \/>\n<meta property=\"og:type\" content=\"article\" \/>\n<meta property=\"og:title\" content=\"Mentions l\u00e9gales - ABYstyle Studio\" \/>\n<meta property=\"og:description\" content=\"Propri\u00e9taire du site Internet ABYSSE CORP S.A.S 133 avenue de&hellip;\" \/>\n<meta property=\"og:url\" content=\"https:\/\/www.abystyle-studio.com\/fr\/mentions-legales\/\" \/>\n<meta property=\"og:site_name\" content=\"ABYstyle Studio\" \/>\n<meta property=\"article:modified_time\" content=\"2024-09-30T07:52:38+00:00\" \/>\n<meta name=\"twitter:card\" content=\"summary_large_image\" \/>\n<meta name=\"twitter:label1\" content=\"Dur\u00e9e de lecture estim\u00e9e\" \/>\n\t<meta name=\"twitter:data1\" content=\"2 minutes\" \/>\n<script type=\"application\/ld+json\" class=\"yoast-schema-graph\">{\"@context\":\"https:\/\/schema.org\",\"@graph\":[{\"@type\":\"WebPage\",\"@id\":\"https:\/\/www.abystyle-studio.com\/fr\/mentions-legales\/\",\"url\":\"https:\/\/www.abystyle-studio.com\/fr\/mentions-legales\/\",\"name\":\"Mentions l\u00e9gales - ABYstyle Studio\",\"isPartOf\":{\"@id\":\"https:\/\/www.abystyle-studio.com\/fr\/#website\"},\"datePublished\":\"2020-12-01T09:49:55+00:00\",\"dateModified\":\"2024-09-30T07:52:38+00:00\",\"breadcrumb\":{\"@id\":\"https:\/\/www.abystyle-studio.com\/fr\/mentions-legales\/#breadcrumb\"},\"inLanguage\":\"fr-FR\",\"potentialAction\":[{\"@type\":\"ReadAction\",\"target\":[\"https:\/\/www.abystyle-studio.com\/fr\/mentions-legales\/\"]}]},{\"@type\":\"BreadcrumbList\",\"@id\":\"https:\/\/www.abystyle-studio.com\/fr\/mentions-legales\/#breadcrumb\",\"itemListElement\":[{\"@type\":\"ListItem\",\"position\":1,\"name\":\"ABYstyle Studio\",\"item\":\"https:\/\/www.abystyle-studio.com\/fr\/\"},{\"@type\":\"ListItem\",\"position\":2,\"name\":\"Mentions l\u00e9gales\"}]},{\"@type\":\"WebSite\",\"@id\":\"https:\/\/www.abystyle-studio.com\/fr\/#website\",\"url\":\"https:\/\/www.abystyle-studio.com\/fr\/\",\"name\":\"ABYstyle Studio\",\"description\":\"Creator, manufacturer and distributor of figurines and replicas\",\"publisher\":{\"@id\":\"https:\/\/www.abystyle-studio.com\/fr\/#organization\"},\"potentialAction\":[{\"@type\":\"SearchAction\",\"target\":{\"@type\":\"EntryPoint\",\"urlTemplate\":\"https:\/\/www.abystyle-studio.com\/fr\/?s={search_term_string}\"},\"query-input\":\"required name=search_term_string\"}],\"inLanguage\":\"fr-FR\"},{\"@type\":\"Organization\",\"@id\":\"https:\/\/www.abystyle-studio.com\/fr\/#organization\",\"name\":\"ABYstyle Studio\",\"url\":\"https:\/\/www.abystyle-studio.com\/fr\/\",\"sameAs\":[],\"logo\":{\"@type\":\"ImageObject\",\"inLanguage\":\"fr-FR\",\"@id\":\"https:\/\/www.abystyle-studio.com\/fr\/#\/schema\/logo\/image\/\",\"url\":\"https:\/\/www.abystyle-studio.com\/wp-content\/uploads\/2023\/01\/abystyle_studio_w.png\",\"contentUrl\":\"https:\/\/www.abystyle-studio.com\/wp-content\/uploads\/2023\/01\/abystyle_studio_w.png\",\"width\":200,\"height\":63,\"caption\":\"ABYstyle Studio\"},\"image\":{\"@id\":\"https:\/\/www.abystyle-studio.com\/fr\/#\/schema\/logo\/image\/\"}}]}<\/script>\n<!-- \/ Yoast SEO plugin. -->","yoast_head_json":{"title":"Mentions l\u00e9gales - ABYstyle Studio","robots":{"index":"index","follow":"follow","max-snippet":"max-snippet:-1","max-image-preview":"max-image-preview:large","max-video-preview":"max-video-preview:-1"},"canonical":"https:\/\/www.abystyle-studio.com\/fr\/mentions-legales\/","og_locale":"fr_FR","og_type":"article","og_title":"Mentions l\u00e9gales - ABYstyle Studio","og_description":"Propri\u00e9taire du site Internet ABYSSE CORP S.A.S 133 avenue de&hellip;","og_url":"https:\/\/www.abystyle-studio.com\/fr\/mentions-legales\/","og_site_name":"ABYstyle Studio","article_modified_time":"2024-09-30T07:52:38+00:00","twitter_card":"summary_large_image","twitter_misc":{"Dur\u00e9e de lecture estim\u00e9e":"2 minutes"},"schema":{"@context":"https:\/\/schema.org","@graph":[{"@type":"WebPage","@id":"https:\/\/www.abystyle-studio.com\/fr\/mentions-legales\/","url":"https:\/\/www.abystyle-studio.com\/fr\/mentions-legales\/","name":"Mentions l\u00e9gales - ABYstyle Studio","isPartOf":{"@id":"https:\/\/www.abystyle-studio.com\/fr\/#website"},"datePublished":"2020-12-01T09:49:55+00:00","dateModified":"2024-09-30T07:52:38+00:00","breadcrumb":{"@id":"https:\/\/www.abystyle-studio.com\/fr\/mentions-legales\/#breadcrumb"},"inLanguage":"fr-FR","potentialAction":[{"@type":"ReadAction","target":["https:\/\/www.abystyle-studio.com\/fr\/mentions-legales\/"]}]},{"@type":"BreadcrumbList","@id":"https:\/\/www.abystyle-studio.com\/fr\/mentions-legales\/#breadcrumb","itemListElement":[{"@type":"ListItem","position":1,"name":"ABYstyle Studio","item":"https:\/\/www.abystyle-studio.com\/fr\/"},{"@type":"ListItem","position":2,"name":"Mentions l\u00e9gales"}]},{"@type":"WebSite","@id":"https:\/\/www.abystyle-studio.com\/fr\/#website","url":"https:\/\/www.abystyle-studio.com\/fr\/","name":"ABYstyle Studio","description":"Creator, manufacturer and distributor of figurines and replicas","publisher":{"@id":"https:\/\/www.abystyle-studio.com\/fr\/#organization"},"potentialAction":[{"@type":"SearchAction","target":{"@type":"EntryPoint","urlTemplate":"https:\/\/www.abystyle-studio.com\/fr\/?s={search_term_string}"},"query-input":"required name=search_term_string"}],"inLanguage":"fr-FR"},{"@type":"Organization","@id":"https:\/\/www.abystyle-studio.com\/fr\/#organization","name":"ABYstyle Studio","url":"https:\/\/www.abystyle-studio.com\/fr\/","sameAs":[],"logo":{"@type":"ImageObject","inLanguage":"fr-FR","@id":"https:\/\/www.abystyle-studio.com\/fr\/#\/schema\/logo\/image\/","url":"https:\/\/www.abystyle-studio.com\/wp-content\/uploads\/2023\/01\/abystyle_studio_w.png","contentUrl":"https:\/\/www.abystyle-studio.com\/wp-content\/uploads\/2023\/01\/abystyle_studio_w.png","width":200,"height":63,"caption":"ABYstyle Studio"},"image":{"@id":"https:\/\/www.abystyle-studio.com\/fr\/#\/schema\/logo\/image\/"}}]}},"_links":{"self":[{"href":"https:\/\/www.abystyle-studio.com\/fr\/wp-json\/wp\/v2\/pages\/601"}],"collection":[{"href":"https:\/\/www.abystyle-studio.com\/fr\/wp-json\/wp\/v2\/pages"}],"about":[{"href":"https:\/\/www.abystyle-studio.com\/fr\/wp-json\/wp\/v2\/types\/page"}],"author":[{"embeddable":true,"href":"https:\/\/www.abystyle-studio.com\/fr\/wp-json\/wp\/v2\/users\/1"}],"replies":[{"embeddable":true,"href":"https:\/\/www.abystyle-studio.com\/fr\/wp-json\/wp\/v2\/comments?post=601"}],"version-history":[{"count":17,"href":"https:\/\/www.abystyle-studio.com\/fr\/wp-json\/wp\/v2\/pages\/601\/revisions"}],"predecessor-version":[{"id":2410,"href":"https:\/\/www.abystyle-studio.com\/fr\/wp-json\/wp\/v2\/pages\/601\/revisions\/2410"}],"wp:attachment":[{"href":"https:\/\/www.abystyle-studio.com\/fr\/wp-json\/wp\/v2\/media?parent=601"}],"curies":[{"name":"wp","href":"https:\/\/api.w.org\/{rel}","templated":true}]}}