{"id":505,"date":"2020-11-30T21:00:06","date_gmt":"2020-11-30T21:00:06","guid":{"rendered":"https:\/\/www.abystyle-studio.com\/focus-sur-ryuk\/"},"modified":"2020-12-02T16:50:17","modified_gmt":"2020-12-02T15:50:17","slug":"zoom-sur-la-figurine-ryuk","status":"publish","type":"page","link":"https:\/\/www.abystyle-studio.com\/fr\/zoom-sur-la-figurine-ryuk\/","title":{"rendered":"Zoom sur la figurine RYUK"},"content":{"rendered":"\t\t<div data-elementor-type=\"wp-page\" data-elementor-id=\"505\" class=\"elementor elementor-505 elementor-282\">\n\t\t\t\t\t\t<div class=\"elementor-inner\">\n\t\t\t\t<div class=\"elementor-section-wrap\">\n\t\t\t\t\t\t\t\t\t<section class=\"elementor-section elementor-top-section elementor-element elementor-element-3c3d3fac elementor-section-boxed elementor-section-height-default elementor-section-height-default\" data-id=\"3c3d3fac\" data-element_type=\"section\">\n\t\t\t\t\t\t<div class=\"elementor-container elementor-column-gap-default\">\n\t\t\t\t\t\t\t<div class=\"elementor-row\">\n\t\t\t\t\t<div class=\"elementor-column elementor-col-50 elementor-top-column elementor-element elementor-element-23effe9f\" data-id=\"23effe9f\" data-element_type=\"column\">\n\t\t\t<div class=\"elementor-column-wrap elementor-element-populated\">\n\t\t\t\t\t\t\t<div class=\"elementor-widget-wrap\">\n\t\t\t\t\t\t<div class=\"elementor-element elementor-element-7cda4f0d elementor-widget elementor-widget-image\" data-id=\"7cda4f0d\" data-element_type=\"widget\" data-widget_type=\"image.default\">\n\t\t\t\t<div class=\"elementor-widget-container\">\n\t\t\t\t\t\t\t\t<div class=\"elementor-image\">\n\t\t\t\t\t\t\t\t\t\t\t\t<img width=\"800\" height=\"533\" src=\"https:\/\/www.abystyle-studio.com\/wp-content\/uploads\/2020\/11\/Ryuk_Death_Note_02.jpg\" class=\"attachment-large size-large\" alt=\"\" srcset=\"https:\/\/www.abystyle-studio.com\/wp-content\/uploads\/2020\/11\/Ryuk_Death_Note_02.jpg 800w, https:\/\/www.abystyle-studio.com\/wp-content\/uploads\/2020\/11\/Ryuk_Death_Note_02-300x200.jpg 300w, https:\/\/www.abystyle-studio.com\/wp-content\/uploads\/2020\/11\/Ryuk_Death_Note_02-768x512.jpg 768w\" sizes=\"(max-width: 800px) 100vw, 800px\" \/>\t\t\t\t\t\t\t\t\t\t\t\t\t\t<\/div>\n\t\t\t\t\t\t<\/div>\n\t\t\t\t<\/div>\n\t\t\t\t\t\t<\/div>\n\t\t\t\t\t<\/div>\n\t\t<\/div>\n\t\t\t\t<div class=\"elementor-column elementor-col-50 elementor-top-column elementor-element elementor-element-1cb14bb8\" data-id=\"1cb14bb8\" data-element_type=\"column\">\n\t\t\t<div class=\"elementor-column-wrap elementor-element-populated\">\n\t\t\t\t\t\t\t<div class=\"elementor-widget-wrap\">\n\t\t\t\t\t\t<div class=\"elementor-element elementor-element-491cdfb6 elementor-widget elementor-widget-text-editor\" data-id=\"491cdfb6\" data-element_type=\"widget\" data-widget_type=\"text-editor.default\">\n\t\t\t\t<div class=\"elementor-widget-container\">\n\t\t\t\t\t\t\t\t<div class=\"elementor-text-editor elementor-clearfix\">\n\t\t\t\t<p style=\"text-align: center;\"><em><strong>V\u00e9ritable Dieu parmi les dieux, le Shinigami Ryuk a toujours r\u00e9gn\u00e9 en ma\u00eetre aupr\u00e8s des lecteurs de manga, de par sa puissance et son charisme.<\/strong><\/em><\/p><p style=\"text-align: center;\">Accompagn\u00e9 de sa pomme, v\u00e9ritable compagnon d\u2019aventure, ce dieu impartial a longtemps \u00e9t\u00e9 au centre de notre imaginaire et de nos inspirations chez Abysse Corp.<\/p>\t\t\t\t\t<\/div>\n\t\t\t\t\t\t<\/div>\n\t\t\t\t<\/div>\n\t\t\t\t\t\t<\/div>\n\t\t\t\t\t<\/div>\n\t\t<\/div>\n\t\t\t\t\t\t\t\t<\/div>\n\t\t\t\t\t<\/div>\n\t\t<\/section>\n\t\t\t\t<section class=\"elementor-section elementor-top-section elementor-element elementor-element-15ab086c elementor-section-boxed elementor-section-height-default elementor-section-height-default\" data-id=\"15ab086c\" data-element_type=\"section\" data-settings=\"{&quot;background_background&quot;:&quot;classic&quot;}\">\n\t\t\t\t\t\t<div class=\"elementor-container elementor-column-gap-default\">\n\t\t\t\t\t\t\t<div class=\"elementor-row\">\n\t\t\t\t\t<div class=\"elementor-column elementor-col-50 elementor-top-column elementor-element elementor-element-17dc2889\" data-id=\"17dc2889\" data-element_type=\"column\">\n\t\t\t<div class=\"elementor-column-wrap elementor-element-populated\">\n\t\t\t\t\t\t\t<div class=\"elementor-widget-wrap\">\n\t\t\t\t\t\t<div class=\"elementor-element elementor-element-8fa0d5c elementor-widget elementor-widget-text-editor\" data-id=\"8fa0d5c\" data-element_type=\"widget\" data-widget_type=\"text-editor.default\">\n\t\t\t\t<div class=\"elementor-widget-container\">\n\t\t\t\t\t\t\t\t<div class=\"elementor-text-editor elementor-clearfix\">\n\t\t\t\t<p><span style=\"color: #ffffff;\">Afin de lui rendre hommage, ABYstyle studio a travaill\u00e9 sur une figurine, devenue aujourd\u2019hui v\u00e9ritable fer de lance de la gamme SFC. <br \/><\/span><\/p><p><span style=\"color: #ffffff;\">Cette figurine, imposante par ses ailes d\u2019un noir d\u2019encre, remplit parfaitement son r\u00f4le : refl\u00e9ter la majest\u00e9 du personnage.<\/span><\/p>\t\t\t\t\t<\/div>\n\t\t\t\t\t\t<\/div>\n\t\t\t\t<\/div>\n\t\t\t\t\t\t<\/div>\n\t\t\t\t\t<\/div>\n\t\t<\/div>\n\t\t\t\t<div class=\"elementor-column elementor-col-50 elementor-top-column elementor-element elementor-element-6716e0c6\" data-id=\"6716e0c6\" data-element_type=\"column\">\n\t\t\t<div class=\"elementor-column-wrap elementor-element-populated\">\n\t\t\t\t\t\t\t<div class=\"elementor-widget-wrap\">\n\t\t\t\t\t\t<div class=\"elementor-element elementor-element-5281b964 elementor-widget elementor-widget-image\" data-id=\"5281b964\" data-element_type=\"widget\" data-widget_type=\"image.default\">\n\t\t\t\t<div class=\"elementor-widget-container\">\n\t\t\t\t\t\t\t\t<div class=\"elementor-image\">\n\t\t\t\t\t\t\t\t\t\t\t\t<img width=\"800\" height=\"596\" src=\"https:\/\/www.abystyle-studio.com\/wp-content\/uploads\/2020\/11\/Ryuk_Death_Note_04.jpg\" class=\"attachment-large size-large\" alt=\"\" srcset=\"https:\/\/www.abystyle-studio.com\/wp-content\/uploads\/2020\/11\/Ryuk_Death_Note_04.jpg 800w, https:\/\/www.abystyle-studio.com\/wp-content\/uploads\/2020\/11\/Ryuk_Death_Note_04-300x224.jpg 300w, https:\/\/www.abystyle-studio.com\/wp-content\/uploads\/2020\/11\/Ryuk_Death_Note_04-768x572.jpg 768w\" sizes=\"(max-width: 800px) 100vw, 800px\" \/>\t\t\t\t\t\t\t\t\t\t\t\t\t\t<\/div>\n\t\t\t\t\t\t<\/div>\n\t\t\t\t<\/div>\n\t\t\t\t\t\t<\/div>\n\t\t\t\t\t<\/div>\n\t\t<\/div>\n\t\t\t\t\t\t\t\t<\/div>\n\t\t\t\t\t<\/div>\n\t\t<\/section>\n\t\t\t\t<section class=\"elementor-section elementor-top-section elementor-element elementor-element-2739f76b elementor-section-boxed elementor-section-height-default elementor-section-height-default\" data-id=\"2739f76b\" data-element_type=\"section\">\n\t\t\t\t\t\t<div class=\"elementor-container elementor-column-gap-default\">\n\t\t\t\t\t\t\t<div class=\"elementor-row\">\n\t\t\t\t\t<div class=\"elementor-column elementor-col-50 elementor-top-column elementor-element elementor-element-3f99cd62\" data-id=\"3f99cd62\" data-element_type=\"column\">\n\t\t\t<div class=\"elementor-column-wrap elementor-element-populated\">\n\t\t\t\t\t\t\t<div class=\"elementor-widget-wrap\">\n\t\t\t\t\t\t<div class=\"elementor-element elementor-element-13c36eb5 elementor-widget elementor-widget-image\" data-id=\"13c36eb5\" data-element_type=\"widget\" data-widget_type=\"image.default\">\n\t\t\t\t<div class=\"elementor-widget-container\">\n\t\t\t\t\t\t\t\t<div class=\"elementor-image\">\n\t\t\t\t\t\t\t\t\t\t\t\t<img width=\"800\" height=\"533\" src=\"https:\/\/www.abystyle-studio.com\/wp-content\/uploads\/2020\/11\/Ryuk_Death_Note_03.jpg\" class=\"attachment-large size-large\" alt=\"\" srcset=\"https:\/\/www.abystyle-studio.com\/wp-content\/uploads\/2020\/11\/Ryuk_Death_Note_03.jpg 800w, https:\/\/www.abystyle-studio.com\/wp-content\/uploads\/2020\/11\/Ryuk_Death_Note_03-300x200.jpg 300w, https:\/\/www.abystyle-studio.com\/wp-content\/uploads\/2020\/11\/Ryuk_Death_Note_03-768x512.jpg 768w\" sizes=\"(max-width: 800px) 100vw, 800px\" \/>\t\t\t\t\t\t\t\t\t\t\t\t\t\t<\/div>\n\t\t\t\t\t\t<\/div>\n\t\t\t\t<\/div>\n\t\t\t\t\t\t<\/div>\n\t\t\t\t\t<\/div>\n\t\t<\/div>\n\t\t\t\t<div class=\"elementor-column elementor-col-50 elementor-top-column elementor-element elementor-element-61f9c180\" data-id=\"61f9c180\" data-element_type=\"column\">\n\t\t\t<div class=\"elementor-column-wrap elementor-element-populated\">\n\t\t\t\t\t\t\t<div class=\"elementor-widget-wrap\">\n\t\t\t\t\t\t<div class=\"elementor-element elementor-element-5c770dee elementor-widget elementor-widget-text-editor\" data-id=\"5c770dee\" data-element_type=\"widget\" data-widget_type=\"text-editor.default\">\n\t\t\t\t<div class=\"elementor-widget-container\">\n\t\t\t\t\t\t\t\t<div class=\"elementor-text-editor elementor-clearfix\">\n\t\t\t\t<p><\/p>\n<p>Pour arriver \u00e0 ce r\u00e9sultat, il apparut essentiel de s\u2019immerger dans le travail du talentueux dessinateur Takeshi Obata. <\/p>\n<p>A travers ce projet unique, l&rsquo;\u00e9quipe ABYstyle Studio a eu l&rsquo;opportunit\u00e9 d&rsquo;apprendre \u00e0 retranscrire le style bien particulier du c\u00e9l\u00e8bre mangaka et de se rapprocher au plus pr\u00e8s de l&rsquo;anim\u00e9.<\/p>\t\t\t\t\t<\/div>\n\t\t\t\t\t\t<\/div>\n\t\t\t\t<\/div>\n\t\t\t\t\t\t<\/div>\n\t\t\t\t\t<\/div>\n\t\t<\/div>\n\t\t\t\t\t\t\t\t<\/div>\n\t\t\t\t\t<\/div>\n\t\t<\/section>\n\t\t\t\t<section class=\"elementor-section elementor-top-section elementor-element elementor-element-70c374a5 elementor-section-boxed elementor-section-height-default elementor-section-height-default\" data-id=\"70c374a5\" data-element_type=\"section\">\n\t\t\t\t\t\t<div class=\"elementor-container elementor-column-gap-default\">\n\t\t\t\t\t\t\t<div class=\"elementor-row\">\n\t\t\t\t\t<div class=\"elementor-column elementor-col-100 elementor-top-column elementor-element elementor-element-13673863\" data-id=\"13673863\" data-element_type=\"column\">\n\t\t\t<div class=\"elementor-column-wrap elementor-element-populated\">\n\t\t\t\t\t\t\t<div class=\"elementor-widget-wrap\">\n\t\t\t\t\t\t<div class=\"elementor-element elementor-element-1b775122 elementor-align-center elementor-widget elementor-widget-button\" data-id=\"1b775122\" data-element_type=\"widget\" data-widget_type=\"button.default\">\n\t\t\t\t<div class=\"elementor-widget-container\">\n\t\t\t\t\t<div class=\"elementor-button-wrapper\">\n\t\t\t<a href=\"http:\/\/www.abystyle.com\/fr\/figurines-et-repliques\/3433-death-note-figurine-ryuk.html\" target=\"_blank\" class=\"elementor-button-link elementor-button elementor-size-lg\" role=\"button\">\n\t\t\t\t\t\t<span class=\"elementor-button-content-wrapper\">\n\t\t\t\t\t\t<span class=\"elementor-button-text\">Fais attention \u00e0 tes souhaits, humain\u2026<\/span>\n\t\t<\/span>\n\t\t\t\t\t<\/a>\n\t\t<\/div>\n\t\t\t\t<\/div>\n\t\t\t\t<\/div>\n\t\t\t\t\t\t<\/div>\n\t\t\t\t\t<\/div>\n\t\t<\/div>\n\t\t\t\t\t\t\t\t<\/div>\n\t\t\t\t\t<\/div>\n\t\t<\/section>\n\t\t\t\t\t\t\t\t\t<\/div>\n\t\t\t<\/div>\n\t\t\t\t\t<\/div>\n\t\t","protected":false},"excerpt":{"rendered":"<p>V\u00e9ritable Dieu parmi les dieux, le Shinigami Ryuk a toujours&hellip;<\/p>\n","protected":false},"author":1,"featured_media":0,"parent":0,"menu_order":0,"comment_status":"closed","ping_status":"closed","template":"","meta":[],"yoast_head":"<!-- This site is optimized with the Yoast SEO plugin v19.7.1 - https:\/\/yoast.com\/wordpress\/plugins\/seo\/ -->\n<title>Ryuk Death Note - Figurine de collection - ABYstyle Studio<\/title>\n<meta name=\"description\" content=\"Figurine de collection du Shinigami Ryuk (Death Note), d\u00e9couvrez cette r\u00e9alisation sign\u00e9e ABYstyle Studio, fid\u00e8le au style du mangaka Takeshi Obata.\" \/>\n<meta name=\"robots\" content=\"index, follow, max-snippet:-1, max-image-preview:large, max-video-preview:-1\" \/>\n<link rel=\"canonical\" href=\"https:\/\/www.abystyle-studio.com\/fr\/zoom-sur-la-figurine-ryuk\/\" \/>\n<meta property=\"og:locale\" content=\"fr_FR\" \/>\n<meta property=\"og:type\" content=\"article\" \/>\n<meta property=\"og:title\" content=\"Ryuk Death Note - Figurine de collection - ABYstyle Studio\" \/>\n<meta property=\"og:description\" content=\"Figurine de collection du Shinigami Ryuk (Death Note), d\u00e9couvrez cette r\u00e9alisation sign\u00e9e ABYstyle Studio, fid\u00e8le au style du mangaka Takeshi Obata.\" \/>\n<meta property=\"og:url\" content=\"https:\/\/www.abystyle-studio.com\/fr\/zoom-sur-la-figurine-ryuk\/\" \/>\n<meta property=\"og:site_name\" content=\"ABYstyle Studio\" \/>\n<meta property=\"article:modified_time\" content=\"2020-12-02T15:50:17+00:00\" \/>\n<meta property=\"og:image\" content=\"https:\/\/www.abystyle-studio.com\/wp-content\/uploads\/2020\/11\/Ryuk_Death_Note_02.jpg\" \/>\n<meta name=\"twitter:card\" content=\"summary_large_image\" \/>\n<meta name=\"twitter:label1\" content=\"Dur\u00e9e de lecture estim\u00e9e\" \/>\n\t<meta name=\"twitter:data1\" content=\"1 minute\" \/>\n<script type=\"application\/ld+json\" class=\"yoast-schema-graph\">{\"@context\":\"https:\/\/schema.org\",\"@graph\":[{\"@type\":\"WebPage\",\"@id\":\"https:\/\/www.abystyle-studio.com\/fr\/zoom-sur-la-figurine-ryuk\/\",\"url\":\"https:\/\/www.abystyle-studio.com\/fr\/zoom-sur-la-figurine-ryuk\/\",\"name\":\"Ryuk Death Note - Figurine de collection - ABYstyle Studio\",\"isPartOf\":{\"@id\":\"https:\/\/www.abystyle-studio.com\/fr\/#website\"},\"datePublished\":\"2020-11-30T21:00:06+00:00\",\"dateModified\":\"2020-12-02T15:50:17+00:00\",\"description\":\"Figurine de collection du Shinigami Ryuk (Death Note), d\u00e9couvrez cette r\u00e9alisation sign\u00e9e ABYstyle Studio, fid\u00e8le au style du mangaka Takeshi Obata.\",\"breadcrumb\":{\"@id\":\"https:\/\/www.abystyle-studio.com\/fr\/zoom-sur-la-figurine-ryuk\/#breadcrumb\"},\"inLanguage\":\"fr-FR\",\"potentialAction\":[{\"@type\":\"ReadAction\",\"target\":[\"https:\/\/www.abystyle-studio.com\/fr\/zoom-sur-la-figurine-ryuk\/\"]}]},{\"@type\":\"BreadcrumbList\",\"@id\":\"https:\/\/www.abystyle-studio.com\/fr\/zoom-sur-la-figurine-ryuk\/#breadcrumb\",\"itemListElement\":[{\"@type\":\"ListItem\",\"position\":1,\"name\":\"ABYstyle Studio\",\"item\":\"https:\/\/www.abystyle-studio.com\/fr\/\"},{\"@type\":\"ListItem\",\"position\":2,\"name\":\"Zoom sur la figurine RYUK\"}]},{\"@type\":\"WebSite\",\"@id\":\"https:\/\/www.abystyle-studio.com\/fr\/#website\",\"url\":\"https:\/\/www.abystyle-studio.com\/fr\/\",\"name\":\"ABYstyle Studio\",\"description\":\"Creator, manufacturer and distributor of figurines and replicas\",\"publisher\":{\"@id\":\"https:\/\/www.abystyle-studio.com\/fr\/#organization\"},\"potentialAction\":[{\"@type\":\"SearchAction\",\"target\":{\"@type\":\"EntryPoint\",\"urlTemplate\":\"https:\/\/www.abystyle-studio.com\/fr\/?s={search_term_string}\"},\"query-input\":\"required name=search_term_string\"}],\"inLanguage\":\"fr-FR\"},{\"@type\":\"Organization\",\"@id\":\"https:\/\/www.abystyle-studio.com\/fr\/#organization\",\"name\":\"ABYstyle Studio\",\"url\":\"https:\/\/www.abystyle-studio.com\/fr\/\",\"sameAs\":[],\"logo\":{\"@type\":\"ImageObject\",\"inLanguage\":\"fr-FR\",\"@id\":\"https:\/\/www.abystyle-studio.com\/fr\/#\/schema\/logo\/image\/\",\"url\":\"https:\/\/www.abystyle-studio.com\/wp-content\/uploads\/2023\/01\/abystyle_studio_w.png\",\"contentUrl\":\"https:\/\/www.abystyle-studio.com\/wp-content\/uploads\/2023\/01\/abystyle_studio_w.png\",\"width\":200,\"height\":63,\"caption\":\"ABYstyle Studio\"},\"image\":{\"@id\":\"https:\/\/www.abystyle-studio.com\/fr\/#\/schema\/logo\/image\/\"}}]}<\/script>\n<!-- \/ Yoast SEO plugin. -->","yoast_head_json":{"title":"Ryuk Death Note - Figurine de collection - ABYstyle Studio","description":"Figurine de collection du Shinigami Ryuk (Death Note), d\u00e9couvrez cette r\u00e9alisation sign\u00e9e ABYstyle Studio, fid\u00e8le au style du mangaka Takeshi Obata.","robots":{"index":"index","follow":"follow","max-snippet":"max-snippet:-1","max-image-preview":"max-image-preview:large","max-video-preview":"max-video-preview:-1"},"canonical":"https:\/\/www.abystyle-studio.com\/fr\/zoom-sur-la-figurine-ryuk\/","og_locale":"fr_FR","og_type":"article","og_title":"Ryuk Death Note - Figurine de collection - ABYstyle Studio","og_description":"Figurine de collection du Shinigami Ryuk (Death Note), d\u00e9couvrez cette r\u00e9alisation sign\u00e9e ABYstyle Studio, fid\u00e8le au style du mangaka Takeshi Obata.","og_url":"https:\/\/www.abystyle-studio.com\/fr\/zoom-sur-la-figurine-ryuk\/","og_site_name":"ABYstyle Studio","article_modified_time":"2020-12-02T15:50:17+00:00","og_image":[{"url":"https:\/\/www.abystyle-studio.com\/wp-content\/uploads\/2020\/11\/Ryuk_Death_Note_02.jpg"}],"twitter_card":"summary_large_image","twitter_misc":{"Dur\u00e9e de lecture estim\u00e9e":"1 minute"},"schema":{"@context":"https:\/\/schema.org","@graph":[{"@type":"WebPage","@id":"https:\/\/www.abystyle-studio.com\/fr\/zoom-sur-la-figurine-ryuk\/","url":"https:\/\/www.abystyle-studio.com\/fr\/zoom-sur-la-figurine-ryuk\/","name":"Ryuk Death Note - Figurine de collection - ABYstyle Studio","isPartOf":{"@id":"https:\/\/www.abystyle-studio.com\/fr\/#website"},"datePublished":"2020-11-30T21:00:06+00:00","dateModified":"2020-12-02T15:50:17+00:00","description":"Figurine de collection du Shinigami Ryuk (Death Note), d\u00e9couvrez cette r\u00e9alisation sign\u00e9e ABYstyle Studio, fid\u00e8le au style du mangaka Takeshi Obata.","breadcrumb":{"@id":"https:\/\/www.abystyle-studio.com\/fr\/zoom-sur-la-figurine-ryuk\/#breadcrumb"},"inLanguage":"fr-FR","potentialAction":[{"@type":"ReadAction","target":["https:\/\/www.abystyle-studio.com\/fr\/zoom-sur-la-figurine-ryuk\/"]}]},{"@type":"BreadcrumbList","@id":"https:\/\/www.abystyle-studio.com\/fr\/zoom-sur-la-figurine-ryuk\/#breadcrumb","itemListElement":[{"@type":"ListItem","position":1,"name":"ABYstyle Studio","item":"https:\/\/www.abystyle-studio.com\/fr\/"},{"@type":"ListItem","position":2,"name":"Zoom sur la figurine RYUK"}]},{"@type":"WebSite","@id":"https:\/\/www.abystyle-studio.com\/fr\/#website","url":"https:\/\/www.abystyle-studio.com\/fr\/","name":"ABYstyle Studio","description":"Creator, manufacturer and distributor of figurines and replicas","publisher":{"@id":"https:\/\/www.abystyle-studio.com\/fr\/#organization"},"potentialAction":[{"@type":"SearchAction","target":{"@type":"EntryPoint","urlTemplate":"https:\/\/www.abystyle-studio.com\/fr\/?s={search_term_string}"},"query-input":"required name=search_term_string"}],"inLanguage":"fr-FR"},{"@type":"Organization","@id":"https:\/\/www.abystyle-studio.com\/fr\/#organization","name":"ABYstyle Studio","url":"https:\/\/www.abystyle-studio.com\/fr\/","sameAs":[],"logo":{"@type":"ImageObject","inLanguage":"fr-FR","@id":"https:\/\/www.abystyle-studio.com\/fr\/#\/schema\/logo\/image\/","url":"https:\/\/www.abystyle-studio.com\/wp-content\/uploads\/2023\/01\/abystyle_studio_w.png","contentUrl":"https:\/\/www.abystyle-studio.com\/wp-content\/uploads\/2023\/01\/abystyle_studio_w.png","width":200,"height":63,"caption":"ABYstyle Studio"},"image":{"@id":"https:\/\/www.abystyle-studio.com\/fr\/#\/schema\/logo\/image\/"}}]}},"_links":{"self":[{"href":"https:\/\/www.abystyle-studio.com\/fr\/wp-json\/wp\/v2\/pages\/505"}],"collection":[{"href":"https:\/\/www.abystyle-studio.com\/fr\/wp-json\/wp\/v2\/pages"}],"about":[{"href":"https:\/\/www.abystyle-studio.com\/fr\/wp-json\/wp\/v2\/types\/page"}],"author":[{"embeddable":true,"href":"https:\/\/www.abystyle-studio.com\/fr\/wp-json\/wp\/v2\/users\/1"}],"replies":[{"embeddable":true,"href":"https:\/\/www.abystyle-studio.com\/fr\/wp-json\/wp\/v2\/comments?post=505"}],"version-history":[{"count":5,"href":"https:\/\/www.abystyle-studio.com\/fr\/wp-json\/wp\/v2\/pages\/505\/revisions"}],"predecessor-version":[{"id":825,"href":"https:\/\/www.abystyle-studio.com\/fr\/wp-json\/wp\/v2\/pages\/505\/revisions\/825"}],"wp:attachment":[{"href":"https:\/\/www.abystyle-studio.com\/fr\/wp-json\/wp\/v2\/media?parent=505"}],"curies":[{"name":"wp","href":"https:\/\/api.w.org\/{rel}","templated":true}]}}