{"id":501,"date":"2020-11-30T20:57:15","date_gmt":"2020-11-30T20:57:15","guid":{"rendered":"https:\/\/www.abystyle-studio.com\/focus-sur-goldorak\/"},"modified":"2025-07-11T13:59:46","modified_gmt":"2025-07-11T11:59:46","slug":"zoom-sur-le-buste-goldorak","status":"publish","type":"page","link":"https:\/\/www.abystyle-studio.com\/fr\/zoom-sur-le-buste-goldorak\/","title":{"rendered":"Zoom sur le buste GOLDORAK"},"content":{"rendered":"\t\t<div data-elementor-type=\"wp-page\" data-elementor-id=\"501\" class=\"elementor elementor-501 elementor-280\">\n\t\t\t\t\t\t<div class=\"elementor-inner\">\n\t\t\t\t<div class=\"elementor-section-wrap\">\n\t\t\t\t\t\t\t\t\t<section class=\"elementor-section elementor-top-section elementor-element elementor-element-25f2921 elementor-section-boxed elementor-section-height-default elementor-section-height-default\" data-id=\"25f2921\" data-element_type=\"section\">\n\t\t\t\t\t\t<div class=\"elementor-container elementor-column-gap-default\">\n\t\t\t\t\t\t\t<div class=\"elementor-row\">\n\t\t\t\t\t<div class=\"elementor-column elementor-col-50 elementor-top-column elementor-element elementor-element-39e788c\" data-id=\"39e788c\" data-element_type=\"column\">\n\t\t\t<div class=\"elementor-column-wrap elementor-element-populated\">\n\t\t\t\t\t\t\t<div class=\"elementor-widget-wrap\">\n\t\t\t\t\t\t<div class=\"elementor-element elementor-element-f94643f elementor-widget elementor-widget-image\" data-id=\"f94643f\" data-element_type=\"widget\" data-widget_type=\"image.default\">\n\t\t\t\t<div class=\"elementor-widget-container\">\n\t\t\t\t\t\t\t\t<div class=\"elementor-image\">\n\t\t\t\t\t\t\t\t\t\t\t\t<img width=\"800\" height=\"533\" src=\"https:\/\/www.abystyle-studio.com\/wp-content\/uploads\/2020\/11\/Grendizer_01.jpg\" class=\"attachment-large size-large\" alt=\"\" srcset=\"https:\/\/www.abystyle-studio.com\/wp-content\/uploads\/2020\/11\/Grendizer_01.jpg 800w, https:\/\/www.abystyle-studio.com\/wp-content\/uploads\/2020\/11\/Grendizer_01-300x200.jpg 300w, https:\/\/www.abystyle-studio.com\/wp-content\/uploads\/2020\/11\/Grendizer_01-768x512.jpg 768w\" sizes=\"(max-width: 800px) 100vw, 800px\" \/>\t\t\t\t\t\t\t\t\t\t\t\t\t\t<\/div>\n\t\t\t\t\t\t<\/div>\n\t\t\t\t<\/div>\n\t\t\t\t\t\t<\/div>\n\t\t\t\t\t<\/div>\n\t\t<\/div>\n\t\t\t\t<div class=\"elementor-column elementor-col-50 elementor-top-column elementor-element elementor-element-5d3f936\" data-id=\"5d3f936\" data-element_type=\"column\">\n\t\t\t<div class=\"elementor-column-wrap elementor-element-populated\">\n\t\t\t\t\t\t\t<div class=\"elementor-widget-wrap\">\n\t\t\t\t\t\t<div class=\"elementor-element elementor-element-749afd4a elementor-widget elementor-widget-text-editor\" data-id=\"749afd4a\" data-element_type=\"widget\" data-widget_type=\"text-editor.default\">\n\t\t\t\t<div class=\"elementor-widget-container\">\n\t\t\t\t\t\t\t\t<div class=\"elementor-text-editor elementor-clearfix\">\n\t\t\t\t<p style=\"text-align: center;\"><em><strong>Apr\u00e8s avoir travers\u00e9 tout l&rsquo;Univers depuis Euphor, aussi vite que la lumi\u00e8re dans nos t\u00eates remplies de souvenirs, Goldorak, ce formidable robot, n\u2019a cess\u00e9 de bercer notre imaginaire.<\/strong><\/em><\/p>\n<p style=\"text-align: center;\">Apr\u00e8s plus de 15 ans de produits d\u00e9riv\u00e9s, l\u2019ombre Goldorak a toujours flott\u00e9 sur nos envies de cr\u00e9ation et de produits d\u00e9di\u00e9s chez Abysse Corp.<\/p>\n<p style=\"text-align: center;\">En allant du porte-cl\u00e9s au mug en passant par la tirelire, Goldorak et Actarus ont fait du chemin \u00e0 travers la galaxie ABYstyle.<\/p>\n\t\t\t\t\t<\/div>\n\t\t\t\t\t\t<\/div>\n\t\t\t\t<\/div>\n\t\t\t\t\t\t<\/div>\n\t\t\t\t\t<\/div>\n\t\t<\/div>\n\t\t\t\t\t\t\t\t<\/div>\n\t\t\t\t\t<\/div>\n\t\t<\/section>\n\t\t\t\t<section class=\"elementor-section elementor-top-section elementor-element elementor-element-18c447c4 elementor-section-boxed elementor-section-height-default elementor-section-height-default\" data-id=\"18c447c4\" data-element_type=\"section\" data-settings=\"{&quot;background_background&quot;:&quot;classic&quot;}\">\n\t\t\t\t\t\t<div class=\"elementor-container elementor-column-gap-default\">\n\t\t\t\t\t\t\t<div class=\"elementor-row\">\n\t\t\t\t\t<div class=\"elementor-column elementor-col-50 elementor-top-column elementor-element elementor-element-135fe169\" data-id=\"135fe169\" data-element_type=\"column\">\n\t\t\t<div class=\"elementor-column-wrap elementor-element-populated\">\n\t\t\t\t\t\t\t<div class=\"elementor-widget-wrap\">\n\t\t\t\t\t\t<div class=\"elementor-element elementor-element-668bd788 elementor-widget elementor-widget-text-editor\" data-id=\"668bd788\" data-element_type=\"widget\" data-widget_type=\"text-editor.default\">\n\t\t\t\t<div class=\"elementor-widget-container\">\n\t\t\t\t\t\t\t\t<div class=\"elementor-text-editor elementor-clearfix\">\n\t\t\t\t<p style=\"text-align: left;\"><span style=\"color: #ffffff;\">Suite \u00e0 ce voyage supraluminique, le plus grand des m\u00e9cha se devait d\u2019\u00eatre mis \u00e0 l\u2019honneur par notre nouvelle \u00e9quipe ABYstyle Studio. Nouveau faire-valoir international d\u2019Abysse Corp, la branche ABYstyle Studio a r\u00e9uni ses meilleurs talents pour se concentrer sur la cr\u00e9ation d\u2019un buste \u00e0 l\u2019effigie du robot Goldorak.<\/span><\/p><p style=\"text-align: left;\"><span style=\"color: #ffffff;\">Plus qu\u2019un simple projet mondial, ce buste de l\u2019UF Robot fut \u00e9labor\u00e9 et r\u00e9fl\u00e9chi en \u00e9troite collaboration avec les ayants-droit japonais de NTV afin d\u2019en proposer une fid\u00e8le repr\u00e9sentation. L\u2019exigence japonaise m\u00eal\u00e9e au savoir-faire franco-asiatique ont tir\u00e9 le meilleur de nous-m\u00eames dans ce projet, tels des apprentis du professeur Procyon.<\/span><\/p>\t\t\t\t\t<\/div>\n\t\t\t\t\t\t<\/div>\n\t\t\t\t<\/div>\n\t\t\t\t\t\t<\/div>\n\t\t\t\t\t<\/div>\n\t\t<\/div>\n\t\t\t\t<div class=\"elementor-column elementor-col-50 elementor-top-column elementor-element elementor-element-6568d5d6\" data-id=\"6568d5d6\" data-element_type=\"column\">\n\t\t\t<div class=\"elementor-column-wrap elementor-element-populated\">\n\t\t\t\t\t\t\t<div class=\"elementor-widget-wrap\">\n\t\t\t\t\t\t<div class=\"elementor-element elementor-element-1221d5a elementor-widget elementor-widget-image\" data-id=\"1221d5a\" data-element_type=\"widget\" data-widget_type=\"image.default\">\n\t\t\t\t<div class=\"elementor-widget-container\">\n\t\t\t\t\t\t\t\t<div class=\"elementor-image\">\n\t\t\t\t\t\t\t\t\t\t\t\t<img width=\"800\" height=\"533\" src=\"https:\/\/www.abystyle-studio.com\/wp-content\/uploads\/2020\/11\/Grendizer_02.jpg\" class=\"attachment-large size-large\" alt=\"\" srcset=\"https:\/\/www.abystyle-studio.com\/wp-content\/uploads\/2020\/11\/Grendizer_02.jpg 800w, https:\/\/www.abystyle-studio.com\/wp-content\/uploads\/2020\/11\/Grendizer_02-300x200.jpg 300w, https:\/\/www.abystyle-studio.com\/wp-content\/uploads\/2020\/11\/Grendizer_02-768x512.jpg 768w\" sizes=\"(max-width: 800px) 100vw, 800px\" \/>\t\t\t\t\t\t\t\t\t\t\t\t\t\t<\/div>\n\t\t\t\t\t\t<\/div>\n\t\t\t\t<\/div>\n\t\t\t\t\t\t<\/div>\n\t\t\t\t\t<\/div>\n\t\t<\/div>\n\t\t\t\t\t\t\t\t<\/div>\n\t\t\t\t\t<\/div>\n\t\t<\/section>\n\t\t\t\t<section class=\"elementor-section elementor-top-section elementor-element elementor-element-b3d16e6 elementor-section-boxed elementor-section-height-default elementor-section-height-default\" data-id=\"b3d16e6\" data-element_type=\"section\">\n\t\t\t\t\t\t<div class=\"elementor-container elementor-column-gap-default\">\n\t\t\t\t\t\t\t<div class=\"elementor-row\">\n\t\t\t\t\t<div class=\"elementor-column elementor-col-50 elementor-top-column elementor-element elementor-element-04b4f6b\" data-id=\"04b4f6b\" data-element_type=\"column\">\n\t\t\t<div class=\"elementor-column-wrap elementor-element-populated\">\n\t\t\t\t\t\t\t<div class=\"elementor-widget-wrap\">\n\t\t\t\t\t\t<div class=\"elementor-element elementor-element-0013c16 elementor-widget elementor-widget-image\" data-id=\"0013c16\" data-element_type=\"widget\" data-widget_type=\"image.default\">\n\t\t\t\t<div class=\"elementor-widget-container\">\n\t\t\t\t\t\t\t\t<div class=\"elementor-image\">\n\t\t\t\t\t\t\t\t\t\t\t\t<img width=\"800\" height=\"572\" src=\"https:\/\/www.abystyle-studio.com\/wp-content\/uploads\/2020\/11\/Grendizer_04.jpg\" class=\"attachment-large size-large\" alt=\"\" srcset=\"https:\/\/www.abystyle-studio.com\/wp-content\/uploads\/2020\/11\/Grendizer_04.jpg 800w, https:\/\/www.abystyle-studio.com\/wp-content\/uploads\/2020\/11\/Grendizer_04-300x215.jpg 300w, https:\/\/www.abystyle-studio.com\/wp-content\/uploads\/2020\/11\/Grendizer_04-768x549.jpg 768w\" sizes=\"(max-width: 800px) 100vw, 800px\" \/>\t\t\t\t\t\t\t\t\t\t\t\t\t\t<\/div>\n\t\t\t\t\t\t<\/div>\n\t\t\t\t<\/div>\n\t\t\t\t\t\t<\/div>\n\t\t\t\t\t<\/div>\n\t\t<\/div>\n\t\t\t\t<div class=\"elementor-column elementor-col-50 elementor-top-column elementor-element elementor-element-a3d08d9\" data-id=\"a3d08d9\" data-element_type=\"column\">\n\t\t\t<div class=\"elementor-column-wrap elementor-element-populated\">\n\t\t\t\t\t\t\t<div class=\"elementor-widget-wrap\">\n\t\t\t\t\t\t<div class=\"elementor-element elementor-element-737db4c elementor-widget elementor-widget-text-editor\" data-id=\"737db4c\" data-element_type=\"widget\" data-widget_type=\"text-editor.default\">\n\t\t\t\t<div class=\"elementor-widget-container\">\n\t\t\t\t\t\t\t\t<div class=\"elementor-text-editor elementor-clearfix\">\n\t\t\t\t<p style=\"text-align: left;\">Suivies de pr\u00e8s par Andrew designer sur Hong Kong, fan de la premi\u00e8re heure et supervis\u00e9es par Mathieu responsable du p\u00f4le design Asie, les \u00e9quipes ont mis tout leur art au service de la cr\u00e9ation de celui qui a d\u00e9fait le vil V\u00e9ga. Afin de donner toutes ses lettres de noblesse \u00e0 cette repr\u00e9sentation de haute qualit\u00e9, l\u2019\u00e9quipe de production a s\u00e9lectionn\u00e9 un mat\u00e9riau parmi les plus nobles pour son \u00e9laboration : la r\u00e9sine.<\/p>\n<p style=\"text-align: left;\">Travaill\u00e9 avec pr\u00e9cision dans une usine sp\u00e9cialis\u00e9e pour ce type d\u2019\u0153uvre, chaque buste est minutieusement inspect\u00e9 par une \u00e9quipe d\u00e9di\u00e9e dans l\u2019optique de proposer une qualit\u00e9 irr\u00e9prochable \u00e0 tous les futurs possesseurs de cet objet collector.<\/p>\n<p style=\"text-align: left;\">Num\u00e9rot\u00e9e jusqu\u2019\u00e0 2 747 pi\u00e8ces et accompagn\u00e9e de son certificat d\u2019authenticit\u00e9, cette \u00e9dition n\u2019en est pas moins unique \u00e0 nos yeux pour les grands enfants que nous sommes.<\/p>\t\t\t\t\t<\/div>\n\t\t\t\t\t\t<\/div>\n\t\t\t\t<\/div>\n\t\t\t\t\t\t<\/div>\n\t\t\t\t\t<\/div>\n\t\t<\/div>\n\t\t\t\t\t\t\t\t<\/div>\n\t\t\t\t\t<\/div>\n\t\t<\/section>\n\t\t\t\t<section class=\"elementor-section elementor-top-section elementor-element elementor-element-427d7c2 elementor-section-boxed elementor-section-height-default elementor-section-height-default\" data-id=\"427d7c2\" data-element_type=\"section\">\n\t\t\t\t\t\t<div class=\"elementor-container elementor-column-gap-default\">\n\t\t\t\t\t\t\t<div class=\"elementor-row\">\n\t\t\t\t\t<div class=\"elementor-column elementor-col-100 elementor-top-column elementor-element elementor-element-5cc020b\" data-id=\"5cc020b\" data-element_type=\"column\">\n\t\t\t<div class=\"elementor-column-wrap elementor-element-populated\">\n\t\t\t\t\t\t\t<div class=\"elementor-widget-wrap\">\n\t\t\t\t\t\t<div class=\"elementor-element elementor-element-03da2ef elementor-align-center elementor-widget elementor-widget-button\" data-id=\"03da2ef\" data-element_type=\"widget\" data-widget_type=\"button.default\">\n\t\t\t\t<div class=\"elementor-widget-container\">\n\t\t\t\t\t<div class=\"elementor-button-wrapper\">\n\t\t\t<a href=\"http:\/\/www.abystyle.com\/fr\/figurines-et-repliques\/3578-grendizer-buste-replique-goldorak.html\" target=\"_blank\" class=\"elementor-button-link elementor-button elementor-size-lg\" role=\"button\">\n\t\t\t\t\t\t<span class=\"elementor-button-content-wrapper\">\n\t\t\t\t\t\t<span class=\"elementor-button-text\">Goldorak GO !<\/span>\n\t\t<\/span>\n\t\t\t\t\t<\/a>\n\t\t<\/div>\n\t\t\t\t<\/div>\n\t\t\t\t<\/div>\n\t\t\t\t\t\t<\/div>\n\t\t\t\t\t<\/div>\n\t\t<\/div>\n\t\t\t\t\t\t\t\t<\/div>\n\t\t\t\t\t<\/div>\n\t\t<\/section>\n\t\t\t\t\t\t\t\t\t<\/div>\n\t\t\t<\/div>\n\t\t\t\t\t<\/div>\n\t\t","protected":false},"excerpt":{"rendered":"<p>Apr\u00e8s avoir travers\u00e9 tout l&rsquo;Univers depuis Euphor, aussi vite que&hellip;<\/p>\n","protected":false},"author":1,"featured_media":0,"parent":0,"menu_order":0,"comment_status":"closed","ping_status":"closed","template":"","meta":[],"yoast_head":"<!-- This site is optimized with the Yoast SEO plugin v19.7.1 - https:\/\/yoast.com\/wordpress\/plugins\/seo\/ -->\n<title>Figurine Goldorak - R\u00e9plique collector Buste Grendizer - ABYstyle Studio<\/title>\n<meta name=\"description\" content=\"Toute en r\u00e9sine pour un rendu de grande qualit\u00e9, d\u00e9couvrez cette r\u00e9plique collector et num\u00e9rot\u00e9e du buste Goldorak, sign\u00e9e par ABYstyle Studio.\" \/>\n<meta name=\"robots\" content=\"index, follow, max-snippet:-1, max-image-preview:large, max-video-preview:-1\" \/>\n<link rel=\"canonical\" href=\"https:\/\/www.abystyle-studio.com\/fr\/zoom-sur-le-buste-goldorak\/\" \/>\n<meta property=\"og:locale\" content=\"fr_FR\" \/>\n<meta property=\"og:type\" content=\"article\" \/>\n<meta property=\"og:title\" content=\"Figurine Goldorak - R\u00e9plique collector Buste Grendizer - ABYstyle Studio\" \/>\n<meta property=\"og:description\" content=\"Toute en r\u00e9sine pour un rendu de grande qualit\u00e9, d\u00e9couvrez cette r\u00e9plique collector et num\u00e9rot\u00e9e du buste Goldorak, sign\u00e9e par ABYstyle Studio.\" \/>\n<meta property=\"og:url\" content=\"https:\/\/www.abystyle-studio.com\/fr\/zoom-sur-le-buste-goldorak\/\" \/>\n<meta property=\"og:site_name\" content=\"ABYstyle Studio\" \/>\n<meta property=\"article:modified_time\" content=\"2025-07-11T11:59:46+00:00\" \/>\n<meta property=\"og:image\" content=\"https:\/\/www.abystyle-studio.com\/wp-content\/uploads\/2020\/11\/Grendizer_01.jpg\" \/>\n<meta name=\"twitter:card\" content=\"summary_large_image\" \/>\n<meta name=\"twitter:label1\" content=\"Dur\u00e9e de lecture estim\u00e9e\" \/>\n\t<meta name=\"twitter:data1\" content=\"2 minutes\" \/>\n<script type=\"application\/ld+json\" class=\"yoast-schema-graph\">{\"@context\":\"https:\/\/schema.org\",\"@graph\":[{\"@type\":\"WebPage\",\"@id\":\"https:\/\/www.abystyle-studio.com\/fr\/zoom-sur-le-buste-goldorak\/\",\"url\":\"https:\/\/www.abystyle-studio.com\/fr\/zoom-sur-le-buste-goldorak\/\",\"name\":\"Figurine Goldorak - R\u00e9plique collector Buste Grendizer - ABYstyle Studio\",\"isPartOf\":{\"@id\":\"https:\/\/www.abystyle-studio.com\/fr\/#website\"},\"datePublished\":\"2020-11-30T20:57:15+00:00\",\"dateModified\":\"2025-07-11T11:59:46+00:00\",\"description\":\"Toute en r\u00e9sine pour un rendu de grande qualit\u00e9, d\u00e9couvrez cette r\u00e9plique collector et num\u00e9rot\u00e9e du buste Goldorak, sign\u00e9e par ABYstyle Studio.\",\"breadcrumb\":{\"@id\":\"https:\/\/www.abystyle-studio.com\/fr\/zoom-sur-le-buste-goldorak\/#breadcrumb\"},\"inLanguage\":\"fr-FR\",\"potentialAction\":[{\"@type\":\"ReadAction\",\"target\":[\"https:\/\/www.abystyle-studio.com\/fr\/zoom-sur-le-buste-goldorak\/\"]}]},{\"@type\":\"BreadcrumbList\",\"@id\":\"https:\/\/www.abystyle-studio.com\/fr\/zoom-sur-le-buste-goldorak\/#breadcrumb\",\"itemListElement\":[{\"@type\":\"ListItem\",\"position\":1,\"name\":\"ABYstyle Studio\",\"item\":\"https:\/\/www.abystyle-studio.com\/fr\/\"},{\"@type\":\"ListItem\",\"position\":2,\"name\":\"Zoom sur le buste GOLDORAK\"}]},{\"@type\":\"WebSite\",\"@id\":\"https:\/\/www.abystyle-studio.com\/fr\/#website\",\"url\":\"https:\/\/www.abystyle-studio.com\/fr\/\",\"name\":\"ABYstyle Studio\",\"description\":\"Creator, manufacturer and distributor of figurines and replicas\",\"publisher\":{\"@id\":\"https:\/\/www.abystyle-studio.com\/fr\/#organization\"},\"potentialAction\":[{\"@type\":\"SearchAction\",\"target\":{\"@type\":\"EntryPoint\",\"urlTemplate\":\"https:\/\/www.abystyle-studio.com\/fr\/?s={search_term_string}\"},\"query-input\":\"required name=search_term_string\"}],\"inLanguage\":\"fr-FR\"},{\"@type\":\"Organization\",\"@id\":\"https:\/\/www.abystyle-studio.com\/fr\/#organization\",\"name\":\"ABYstyle Studio\",\"url\":\"https:\/\/www.abystyle-studio.com\/fr\/\",\"sameAs\":[],\"logo\":{\"@type\":\"ImageObject\",\"inLanguage\":\"fr-FR\",\"@id\":\"https:\/\/www.abystyle-studio.com\/fr\/#\/schema\/logo\/image\/\",\"url\":\"https:\/\/www.abystyle-studio.com\/wp-content\/uploads\/2023\/01\/abystyle_studio_w.png\",\"contentUrl\":\"https:\/\/www.abystyle-studio.com\/wp-content\/uploads\/2023\/01\/abystyle_studio_w.png\",\"width\":200,\"height\":63,\"caption\":\"ABYstyle Studio\"},\"image\":{\"@id\":\"https:\/\/www.abystyle-studio.com\/fr\/#\/schema\/logo\/image\/\"}}]}<\/script>\n<!-- \/ Yoast SEO plugin. -->","yoast_head_json":{"title":"Figurine Goldorak - R\u00e9plique collector Buste Grendizer - ABYstyle Studio","description":"Toute en r\u00e9sine pour un rendu de grande qualit\u00e9, d\u00e9couvrez cette r\u00e9plique collector et num\u00e9rot\u00e9e du buste Goldorak, sign\u00e9e par ABYstyle Studio.","robots":{"index":"index","follow":"follow","max-snippet":"max-snippet:-1","max-image-preview":"max-image-preview:large","max-video-preview":"max-video-preview:-1"},"canonical":"https:\/\/www.abystyle-studio.com\/fr\/zoom-sur-le-buste-goldorak\/","og_locale":"fr_FR","og_type":"article","og_title":"Figurine Goldorak - R\u00e9plique collector Buste Grendizer - ABYstyle Studio","og_description":"Toute en r\u00e9sine pour un rendu de grande qualit\u00e9, d\u00e9couvrez cette r\u00e9plique collector et num\u00e9rot\u00e9e du buste Goldorak, sign\u00e9e par ABYstyle Studio.","og_url":"https:\/\/www.abystyle-studio.com\/fr\/zoom-sur-le-buste-goldorak\/","og_site_name":"ABYstyle Studio","article_modified_time":"2025-07-11T11:59:46+00:00","og_image":[{"url":"https:\/\/www.abystyle-studio.com\/wp-content\/uploads\/2020\/11\/Grendizer_01.jpg"}],"twitter_card":"summary_large_image","twitter_misc":{"Dur\u00e9e de lecture estim\u00e9e":"2 minutes"},"schema":{"@context":"https:\/\/schema.org","@graph":[{"@type":"WebPage","@id":"https:\/\/www.abystyle-studio.com\/fr\/zoom-sur-le-buste-goldorak\/","url":"https:\/\/www.abystyle-studio.com\/fr\/zoom-sur-le-buste-goldorak\/","name":"Figurine Goldorak - R\u00e9plique collector Buste Grendizer - ABYstyle Studio","isPartOf":{"@id":"https:\/\/www.abystyle-studio.com\/fr\/#website"},"datePublished":"2020-11-30T20:57:15+00:00","dateModified":"2025-07-11T11:59:46+00:00","description":"Toute en r\u00e9sine pour un rendu de grande qualit\u00e9, d\u00e9couvrez cette r\u00e9plique collector et num\u00e9rot\u00e9e du buste Goldorak, sign\u00e9e par ABYstyle Studio.","breadcrumb":{"@id":"https:\/\/www.abystyle-studio.com\/fr\/zoom-sur-le-buste-goldorak\/#breadcrumb"},"inLanguage":"fr-FR","potentialAction":[{"@type":"ReadAction","target":["https:\/\/www.abystyle-studio.com\/fr\/zoom-sur-le-buste-goldorak\/"]}]},{"@type":"BreadcrumbList","@id":"https:\/\/www.abystyle-studio.com\/fr\/zoom-sur-le-buste-goldorak\/#breadcrumb","itemListElement":[{"@type":"ListItem","position":1,"name":"ABYstyle Studio","item":"https:\/\/www.abystyle-studio.com\/fr\/"},{"@type":"ListItem","position":2,"name":"Zoom sur le buste GOLDORAK"}]},{"@type":"WebSite","@id":"https:\/\/www.abystyle-studio.com\/fr\/#website","url":"https:\/\/www.abystyle-studio.com\/fr\/","name":"ABYstyle Studio","description":"Creator, manufacturer and distributor of figurines and replicas","publisher":{"@id":"https:\/\/www.abystyle-studio.com\/fr\/#organization"},"potentialAction":[{"@type":"SearchAction","target":{"@type":"EntryPoint","urlTemplate":"https:\/\/www.abystyle-studio.com\/fr\/?s={search_term_string}"},"query-input":"required name=search_term_string"}],"inLanguage":"fr-FR"},{"@type":"Organization","@id":"https:\/\/www.abystyle-studio.com\/fr\/#organization","name":"ABYstyle Studio","url":"https:\/\/www.abystyle-studio.com\/fr\/","sameAs":[],"logo":{"@type":"ImageObject","inLanguage":"fr-FR","@id":"https:\/\/www.abystyle-studio.com\/fr\/#\/schema\/logo\/image\/","url":"https:\/\/www.abystyle-studio.com\/wp-content\/uploads\/2023\/01\/abystyle_studio_w.png","contentUrl":"https:\/\/www.abystyle-studio.com\/wp-content\/uploads\/2023\/01\/abystyle_studio_w.png","width":200,"height":63,"caption":"ABYstyle Studio"},"image":{"@id":"https:\/\/www.abystyle-studio.com\/fr\/#\/schema\/logo\/image\/"}}]}},"_links":{"self":[{"href":"https:\/\/www.abystyle-studio.com\/fr\/wp-json\/wp\/v2\/pages\/501"}],"collection":[{"href":"https:\/\/www.abystyle-studio.com\/fr\/wp-json\/wp\/v2\/pages"}],"about":[{"href":"https:\/\/www.abystyle-studio.com\/fr\/wp-json\/wp\/v2\/types\/page"}],"author":[{"embeddable":true,"href":"https:\/\/www.abystyle-studio.com\/fr\/wp-json\/wp\/v2\/users\/1"}],"replies":[{"embeddable":true,"href":"https:\/\/www.abystyle-studio.com\/fr\/wp-json\/wp\/v2\/comments?post=501"}],"version-history":[{"count":8,"href":"https:\/\/www.abystyle-studio.com\/fr\/wp-json\/wp\/v2\/pages\/501\/revisions"}],"predecessor-version":[{"id":2461,"href":"https:\/\/www.abystyle-studio.com\/fr\/wp-json\/wp\/v2\/pages\/501\/revisions\/2461"}],"wp:attachment":[{"href":"https:\/\/www.abystyle-studio.com\/fr\/wp-json\/wp\/v2\/media?parent=501"}],"curies":[{"name":"wp","href":"https:\/\/api.w.org\/{rel}","templated":true}]}}